{"id":65,"date":"2023-05-22T16:35:58","date_gmt":"2023-05-22T16:35:58","guid":{"rendered":"https:\/\/marina-schlaubetal.de\/test\/?page_id=65"},"modified":"2024-01-21T11:17:08","modified_gmt":"2024-01-21T11:17:08","slug":"bootstransporte","status":"publish","type":"page","link":"https:\/\/marina-schlaubetal.de\/index.php\/bootstransporte\/","title":{"rendered":"Bootstransporte"},"content":{"rendered":"\n<h2 class=\"wp-block-heading\" id=\"cc-m-header-12454151023\">BOOTSTRANSPORTE | BOOTSTRAILER<\/h2>\n\n\n\n<hr class=\"wp-block-separator has-alpha-channel-opacity\"\/>\n\n\n\n<p>Um Ihr Boot von A nach B zu bef\u00f6rdern bieten wir Ihnen gern unseren Service des Bootstransports an. Oder Sie mieten gleich einen von unseren Bootstrailer. Gern beantworten wir Ihnen auch, Ihre Anfrage.<\/p>\n\n\n\n<p class=\"has-text-align-center\"><strong>Hier klicken !<\/strong><\/p>\n\n\n<div class=\"wp-block-image\">\n<figure class=\"aligncenter size-full is-resized\"><a href=\"https:\/\/www.yachttransport24.com\/\" target=\"_blank\" rel=\"noreferrer noopener\"><img loading=\"lazy\" decoding=\"async\" width=\"212\" height=\"106\" src=\"https:\/\/marina-schlaubetal.de\/test\/wp-content\/uploads\/2024\/01\/3cf79c_c110ccd692054319bb73f791a53b7f0dmv2.webp\" alt=\"\" class=\"wp-image-214\" style=\"width:302px;height:auto\"\/><\/a><\/figure>\n<\/div>\n\n\n<hr class=\"wp-block-separator has-alpha-channel-opacity\"\/>\n\n\n\n<h2 class=\"wp-block-heading\" id=\"cc-m-header-12454160923\">BOOTSTRAILER | MIETEN<\/h2>\n\n\n\n<figure class=\"wp-block-gallery has-nested-images columns-default is-cropped wp-block-gallery-1 is-layout-flex wp-block-gallery-is-layout-flex\">\n<figure class=\"wp-block-image size-large\"><img loading=\"lazy\" decoding=\"async\" width=\"513\" height=\"385\" data-id=\"222\" src=\"https:\/\/marina-schlaubetal.de\/test\/wp-content\/uploads\/2024\/01\/3cf79c_d99188811e1041d58938a68a7b3fd7f3mv2.webp\" alt=\"\" class=\"wp-image-222\" srcset=\"https:\/\/marina-schlaubetal.de\/wp-content\/uploads\/2024\/01\/3cf79c_d99188811e1041d58938a68a7b3fd7f3mv2.webp 513w, https:\/\/marina-schlaubetal.de\/wp-content\/uploads\/2024\/01\/3cf79c_d99188811e1041d58938a68a7b3fd7f3mv2-300x225.webp 300w\" sizes=\"auto, (max-width: 513px) 100vw, 513px\" \/><\/figure>\n\n\n\n<figure class=\"wp-block-image size-large\"><img loading=\"lazy\" decoding=\"async\" width=\"490\" height=\"367\" data-id=\"223\" src=\"https:\/\/marina-schlaubetal.de\/test\/wp-content\/uploads\/2024\/01\/3cf79c_111eb07d8e9b467ab9a50d4ff9220e15mv2.webp\" alt=\"\" class=\"wp-image-223\" srcset=\"https:\/\/marina-schlaubetal.de\/wp-content\/uploads\/2024\/01\/3cf79c_111eb07d8e9b467ab9a50d4ff9220e15mv2.webp 490w, https:\/\/marina-schlaubetal.de\/wp-content\/uploads\/2024\/01\/3cf79c_111eb07d8e9b467ab9a50d4ff9220e15mv2-300x225.webp 300w\" sizes=\"auto, (max-width: 490px) 100vw, 490px\" \/><\/figure>\n<\/figure>\n\n\n\n<figure class=\"wp-block-gallery has-nested-images columns-default is-cropped wp-block-gallery-2 is-layout-flex wp-block-gallery-is-layout-flex\">\n<figure class=\"wp-block-image size-large\"><img loading=\"lazy\" decoding=\"async\" width=\"1024\" height=\"768\" data-id=\"219\" src=\"https:\/\/marina-schlaubetal.de\/test\/wp-content\/uploads\/2024\/01\/ce0b4f01-ef71-4956-a5fa-e05f0a157379-1024x768.jpg\" alt=\"\" class=\"wp-image-219\" srcset=\"https:\/\/marina-schlaubetal.de\/wp-content\/uploads\/2024\/01\/ce0b4f01-ef71-4956-a5fa-e05f0a157379-1024x768.jpg 1024w, https:\/\/marina-schlaubetal.de\/wp-content\/uploads\/2024\/01\/ce0b4f01-ef71-4956-a5fa-e05f0a157379-300x225.jpg 300w, https:\/\/marina-schlaubetal.de\/wp-content\/uploads\/2024\/01\/ce0b4f01-ef71-4956-a5fa-e05f0a157379-768x576.jpg 768w, https:\/\/marina-schlaubetal.de\/wp-content\/uploads\/2024\/01\/ce0b4f01-ef71-4956-a5fa-e05f0a157379-1536x1152.jpg 1536w, https:\/\/marina-schlaubetal.de\/wp-content\/uploads\/2024\/01\/ce0b4f01-ef71-4956-a5fa-e05f0a157379.jpg 1600w\" sizes=\"auto, (max-width: 1024px) 100vw, 1024px\" \/><\/figure>\n\n\n\n<figure class=\"wp-block-image size-large is-style-default\"><img loading=\"lazy\" decoding=\"async\" width=\"1024\" height=\"576\" data-id=\"218\" src=\"https:\/\/marina-schlaubetal.de\/test\/wp-content\/uploads\/2024\/01\/bef6ad46-7cc1-45d5-9d3c-7262619717cb.jpg\" alt=\"\" class=\"wp-image-218\" srcset=\"https:\/\/marina-schlaubetal.de\/wp-content\/uploads\/2024\/01\/bef6ad46-7cc1-45d5-9d3c-7262619717cb.jpg 1024w, https:\/\/marina-schlaubetal.de\/wp-content\/uploads\/2024\/01\/bef6ad46-7cc1-45d5-9d3c-7262619717cb-300x169.jpg 300w, https:\/\/marina-schlaubetal.de\/wp-content\/uploads\/2024\/01\/bef6ad46-7cc1-45d5-9d3c-7262619717cb-768x432.jpg 768w\" sizes=\"auto, (max-width: 1024px) 100vw, 1024px\" \/><\/figure>\n<\/figure>\n\n\n\n<figure class=\"wp-block-gallery has-nested-images columns-default is-cropped wp-block-gallery-3 is-layout-flex wp-block-gallery-is-layout-flex\">\n<figure class=\"wp-block-image size-large\"><img loading=\"lazy\" decoding=\"async\" width=\"1024\" height=\"576\" data-id=\"212\" src=\"https:\/\/marina-schlaubetal.de\/test\/wp-content\/uploads\/2024\/01\/20231118_114026-1-1024x576.jpg\" alt=\"\" class=\"wp-image-212\" srcset=\"https:\/\/marina-schlaubetal.de\/wp-content\/uploads\/2024\/01\/20231118_114026-1-1024x576.jpg 1024w, https:\/\/marina-schlaubetal.de\/wp-content\/uploads\/2024\/01\/20231118_114026-1-300x169.jpg 300w, https:\/\/marina-schlaubetal.de\/wp-content\/uploads\/2024\/01\/20231118_114026-1-768x432.jpg 768w, https:\/\/marina-schlaubetal.de\/wp-content\/uploads\/2024\/01\/20231118_114026-1-1536x864.jpg 1536w, https:\/\/marina-schlaubetal.de\/wp-content\/uploads\/2024\/01\/20231118_114026-1-2048x1152.jpg 2048w\" sizes=\"auto, (max-width: 1024px) 100vw, 1024px\" \/><\/figure>\n\n\n\n<figure class=\"wp-block-image size-large\"><img loading=\"lazy\" decoding=\"async\" width=\"1024\" height=\"576\" data-id=\"213\" src=\"https:\/\/marina-schlaubetal.de\/test\/wp-content\/uploads\/2024\/01\/20231104_133103-1-1024x576.jpg\" alt=\"\" class=\"wp-image-213\" srcset=\"https:\/\/marina-schlaubetal.de\/wp-content\/uploads\/2024\/01\/20231104_133103-1-1024x576.jpg 1024w, https:\/\/marina-schlaubetal.de\/wp-content\/uploads\/2024\/01\/20231104_133103-1-300x169.jpg 300w, https:\/\/marina-schlaubetal.de\/wp-content\/uploads\/2024\/01\/20231104_133103-1-768x432.jpg 768w, https:\/\/marina-schlaubetal.de\/wp-content\/uploads\/2024\/01\/20231104_133103-1-1536x864.jpg 1536w, https:\/\/marina-schlaubetal.de\/wp-content\/uploads\/2024\/01\/20231104_133103-1-2048x1152.jpg 2048w\" sizes=\"auto, (max-width: 1024px) 100vw, 1024px\" \/><\/figure>\n<\/figure>\n\n\n\n<p><strong>Mieten Sie bei uns g\u00fcnstig einen Bootsanh\u00e4nger in Berlin und Brandenburg f\u00fcr europaweite Eins\u00e4tze!<\/strong><\/p>\n\n\n\n<p>Bei uns mieten Sie einfach, g\u00fcnstig, schnell und unkompliziert auch an Wochenenden und Feiertagen, das ganze Jahr einen Bootstrailer um z.B. Ihr Boot vom Hafen ins Winterlager zu transportieren oder Ihr Boot einfach mal mit in den Urlaub zu nehmen.<\/p>\n\n\n\n<p>Wir bieten Ihnen g\u00fcnstige\u00a0Preise f\u00fcr die Kurzzeit- sowie auch f\u00fcr Langzeitmiete unserer Miet-Bootsanh\u00e4nger im Raum Berlin Brandenburg. Die Nutzung ist nat\u00fcrlich europaweit m\u00f6glich. <\/p>\n","protected":false},"excerpt":{"rendered":"<p>BOOTSTRANSPORTE | BOOTSTRAILER Um Ihr Boot von A nach B zu bef\u00f6rdern bieten wir Ihnen gern unseren Service des Bootstransports an. Oder Sie mieten gleich einen von unseren Bootstrailer. Gern beantworten wir Ihnen auch, Ihre Anfrage. Hier klicken ! BOOTSTRAILER | MIETEN Mieten Sie bei uns g\u00fcnstig einen Bootsanh\u00e4nger in [&hellip;]<\/p>\n","protected":false},"author":1,"featured_media":0,"parent":0,"menu_order":0,"comment_status":"closed","ping_status":"closed","template":"","meta":{"_themeisle_gutenberg_block_has_review":false,"footnotes":""},"class_list":["post-65","page","type-page","status-publish","hentry"],"jetpack_sharing_enabled":true,"_links":{"self":[{"href":"https:\/\/marina-schlaubetal.de\/index.php\/wp-json\/wp\/v2\/pages\/65","targetHints":{"allow":["GET"]}}],"collection":[{"href":"https:\/\/marina-schlaubetal.de\/index.php\/wp-json\/wp\/v2\/pages"}],"about":[{"href":"https:\/\/marina-schlaubetal.de\/index.php\/wp-json\/wp\/v2\/types\/page"}],"author":[{"embeddable":true,"href":"https:\/\/marina-schlaubetal.de\/index.php\/wp-json\/wp\/v2\/users\/1"}],"replies":[{"embeddable":true,"href":"https:\/\/marina-schlaubetal.de\/index.php\/wp-json\/wp\/v2\/comments?post=65"}],"version-history":[{"count":8,"href":"https:\/\/marina-schlaubetal.de\/index.php\/wp-json\/wp\/v2\/pages\/65\/revisions"}],"predecessor-version":[{"id":227,"href":"https:\/\/marina-schlaubetal.de\/index.php\/wp-json\/wp\/v2\/pages\/65\/revisions\/227"}],"wp:attachment":[{"href":"https:\/\/marina-schlaubetal.de\/index.php\/wp-json\/wp\/v2\/media?parent=65"}],"curies":[{"name":"wp","href":"https:\/\/api.w.org\/{rel}","templated":true}]}}