{"id":68,"date":"2023-05-22T16:35:58","date_gmt":"2023-05-22T16:35:58","guid":{"rendered":"https:\/\/marina-schlaubetal.de\/test\/?page_id=68"},"modified":"2024-01-21T10:22:43","modified_gmt":"2024-01-21T10:22:43","slug":"fahrschule","status":"publish","type":"page","link":"https:\/\/marina-schlaubetal.de\/index.php\/fahrschule\/","title":{"rendered":"Fahrschule"},"content":{"rendered":"\n<h2 class=\"wp-block-heading\" id=\"cc-m-header-12506382923\">BOOTSFAHRSCHULE<\/h2>\n\n\n\n<hr class=\"wp-block-separator has-alpha-channel-opacity\"\/>\n\n\n\n<p>Machen Sie jetzt Ihren Bootsf\u00fchrerschein bei uns. Sie werden bei uns professionell geschult.<\/p>\n\n\n\n<p>Durch erfahrene Ausbilder werden Sie perfekt auf die Pr\u00fcfung zum Bootsf\u00fchrer vorbereitet.<\/p>\n\n\n\n<p><br><strong>Wir bereiten Sie f\u00fcr folgende F\u00fchrerscheinpr\u00fcfungen professionell vor.<\/strong><\/p>\n\n\n\n<ul class=\"wp-block-list\">\n<li>Sportbootf\u00fchrerschein Binnen (SBF-Binnen)<\/li>\n\n\n\n<li>Sportbootf\u00fchrerschein See (SBF-See)<\/li>\n\n\n\n<li>Sportbootf\u00fchrerschein Segel (SBF-Segel)<\/li>\n\n\n\n<li>Funk SRC (Funk See)<\/li>\n<\/ul>\n\n\n\n<p><strong>Melden Sie sich doch einfach per Telefon oder Mail an<\/strong><\/p>\n\n\n\n<ul class=\"wp-block-list\">\n<li>Ronne&#8216; Schuknecht<\/li>\n\n\n\n<li>Tel. 0174-9902708<\/li>\n\n\n\n<li>Fahrschullehrer: <strong>Frank Aumann<\/strong><\/li>\n\n\n\n<li>Tel. 0173-8545085<\/li>\n\n\n\n<li>E-Mail. info@marina-schlaubetal.de<\/li>\n<\/ul>\n\n\n\n<figure class=\"wp-block-image\"><a href=\"javascript:\"><img decoding=\"async\" src=\"https:\/\/image.jimcdn.com\/app\/cms\/image\/transf\/dimension=1920x400:format=jpg\/path\/s96753744ee5df1fc\/image\/iee886a0d0d515560\/version\/1455521444\/image.jpg\" alt=\"\"\/><\/a><\/figure>\n\n\n\n<figure class=\"wp-block-image\"><a href=\"javascript:\"><img decoding=\"async\" src=\"https:\/\/image.jimcdn.com\/app\/cms\/image\/transf\/dimension=1920x400:format=jpg\/path\/s96753744ee5df1fc\/image\/i2044f34cfa050b89\/version\/1455521444\/image.jpg\" alt=\"\"\/><\/a><\/figure>\n\n\n\n<p><\/p>\n\n\n\n<p><\/p>\n\n\n\n<p><\/p>\n","protected":false},"excerpt":{"rendered":"<p>BOOTSFAHRSCHULE Machen Sie jetzt Ihren Bootsf\u00fchrerschein bei uns. Sie werden bei uns professionell geschult. Durch erfahrene Ausbilder werden Sie perfekt auf die Pr\u00fcfung zum Bootsf\u00fchrer vorbereitet. Wir bereiten Sie f\u00fcr folgende F\u00fchrerscheinpr\u00fcfungen professionell vor. Melden Sie sich doch einfach per Telefon oder Mail an<\/p>\n","protected":false},"author":1,"featured_media":0,"parent":0,"menu_order":0,"comment_status":"closed","ping_status":"closed","template":"","meta":{"_themeisle_gutenberg_block_has_review":false,"footnotes":""},"class_list":["post-68","page","type-page","status-publish","hentry"],"jetpack_sharing_enabled":true,"_links":{"self":[{"href":"https:\/\/marina-schlaubetal.de\/index.php\/wp-json\/wp\/v2\/pages\/68","targetHints":{"allow":["GET"]}}],"collection":[{"href":"https:\/\/marina-schlaubetal.de\/index.php\/wp-json\/wp\/v2\/pages"}],"about":[{"href":"https:\/\/marina-schlaubetal.de\/index.php\/wp-json\/wp\/v2\/types\/page"}],"author":[{"embeddable":true,"href":"https:\/\/marina-schlaubetal.de\/index.php\/wp-json\/wp\/v2\/users\/1"}],"replies":[{"embeddable":true,"href":"https:\/\/marina-schlaubetal.de\/index.php\/wp-json\/wp\/v2\/comments?post=68"}],"version-history":[{"count":3,"href":"https:\/\/marina-schlaubetal.de\/index.php\/wp-json\/wp\/v2\/pages\/68\/revisions"}],"predecessor-version":[{"id":189,"href":"https:\/\/marina-schlaubetal.de\/index.php\/wp-json\/wp\/v2\/pages\/68\/revisions\/189"}],"wp:attachment":[{"href":"https:\/\/marina-schlaubetal.de\/index.php\/wp-json\/wp\/v2\/media?parent=68"}],"curies":[{"name":"wp","href":"https:\/\/api.w.org\/{rel}","templated":true}]}}